{"id":2735,"date":"2022-08-24T13:40:09","date_gmt":"2022-08-24T13:40:09","guid":{"rendered":"https:\/\/www.sistemasici.es\/politica-de-privacidad\/"},"modified":"2024-09-27T11:45:11","modified_gmt":"2024-09-27T11:45:11","slug":"politica-de-privacidad","status":"publish","type":"page","link":"https:\/\/www.sistemasici.es\/pt-pt\/politica-de-privacidad\/","title":{"rendered":"Pol\u00edtica de Privacidade"},"content":{"rendered":"<div class=\"fusion-fullwidth fullwidth-box fusion-builder-row-1 fusion-flex-container has-pattern-background has-mask-background nonhundred-percent-fullwidth non-hundred-percent-height-scrolling\" style=\"background-color: rgba(255,255,255,0);background-position: center center;background-repeat: no-repeat;border-width: 0px 0px 0px 0px;border-color:var(--awb-color3);border-style:solid;\" ><div class=\"fusion-builder-row fusion-row fusion-flex-align-items-flex-start\" style=\"max-width:1664px;margin-left: calc(-4% \/ 2 );margin-right: calc(-4% \/ 2 );\"><div class=\"fusion-layout-column fusion_builder_column fusion-builder-column-0 fusion_builder_column_1_6 1_6 fusion-flex-column\"><div class=\"fusion-column-wrapper fusion-flex-justify-content-flex-start fusion-content-layout-column\" style=\"background-position:left top;background-repeat:no-repeat;-webkit-background-size:cover;-moz-background-size:cover;-o-background-size:cover;background-size:cover;padding: 0px 0px 0px 0px;\"><\/div><style type=\"text\/css\">.fusion-body .fusion-builder-column-0{width:16.666666666667% !important;margin-top : 0px;margin-bottom : 20px;}.fusion-builder-column-0 > .fusion-column-wrapper {padding-top : 0px !important;padding-right : 0px !important;margin-right : 11.52%;padding-bottom : 0px !important;padding-left : 0px !important;margin-left : 11.52%;}@media only screen and (max-width:1024px) {.fusion-body .fusion-builder-column-0{width:16.666666666667% !important;order : 0;}.fusion-builder-column-0 > .fusion-column-wrapper {margin-right : 11.52%;margin-left : 11.52%;}}@media only screen and (max-width:640px) {.fusion-body .fusion-builder-column-0{width:100% !important;order : 0;}.fusion-builder-column-0 > .fusion-column-wrapper {margin-right : 1.92%;margin-left : 1.92%;}}<\/style><\/div><div class=\"fusion-layout-column fusion_builder_column fusion-builder-column-1 fusion_builder_column_2_3 2_3 fusion-flex-column\"><div class=\"fusion-column-wrapper fusion-flex-justify-content-flex-start fusion-content-layout-column\" style=\"background-position:left top;background-repeat:no-repeat;-webkit-background-size:cover;-moz-background-size:cover;-o-background-size:cover;background-size:cover;padding: 0px 0px 0px 0px;\"><div class=\"fusion-text fusion-text-1\"><h2 style=\"text-align: center;\">REGULAMENTO GERAL DE<\/h2>\n<h2 style=\"text-align: center;\"><span style=\"color: #005799; font-weight: 900;\"><em>PROTE\u00c7\u00c3O DE DADOS PESSOAIS<\/em><\/span><\/h2>\n<h2 style=\"text-align: center;\"><span style=\"color: #005799; font-weight: 900;\"><em>POL\u00cdTICA DE PRIVACIDADE<\/em><\/span><\/h2>\n<p><strong>Sistema de Comunica\u00e7\u00e3o Integrado VINSA S.L.<\/strong> deseja informar os utilizadores do site sobre a sua pol\u00edtica em rela\u00e7\u00e3o ao tratamento e prote\u00e7\u00e3o dos dados pessoais dos utilizadores e clientes que coleta durante a visualiza\u00e7\u00e3o do site ou da utiliza\u00e7\u00e3o dos servi\u00e7os oferecidos no mesmo.<br \/>\nPor dado pessoal entende-se qualquer informa\u00e7\u00e3o num\u00e9rica, alfab\u00e9tica, gr\u00e1fica, fotogr\u00e1fica, ac\u00fastica ou de qualquer outro tipo relativa a pessoas singulares identificadas ou identific\u00e1veis.<\/p>\n<h2>QUEM \u00c9 O RESPONS\u00c1VEL PELO TRATAMENTO DOS DADOS PESSOAIS?<\/h2>\n<p>Nos termos do Regulamento Geral de Prote\u00e7\u00e3o de Dados (UE) 2016\/679 (doravante, RGPD) e demais legisla\u00e7\u00e3o em vigor em mat\u00e9ria de prote\u00e7\u00e3o de dados pessoais, informamos que os dados pessoais que possa fornecer durante a utiliza\u00e7\u00e3o do site <strong>www.sistemasici.es<\/strong> (doravante, &#8220;o site&#8221;) ser\u00e3o tratados na qualidade de respons\u00e1vel pelo tratamento por <strong>Sistema de Comunica\u00e7\u00e3o Integrado VINSA S.L.<\/strong>, com sede social em <strong>Ronda Narciso Monturiol y Estarriol. Edif\u00edcio Tecnoparq 7-9. 1-15 Parque Tecnol\u00f3gico de Paterna, 46980 Paterna, Val\u00eancia.<\/strong><\/p>\n<p><strong>Sistema de Comunica\u00e7\u00e3o Integrado VINSA S.L.<\/strong> ser\u00e1 apenas respons\u00e1vel e garantir\u00e1 a confidencialidade e seguran\u00e7a em rela\u00e7\u00e3o aos dados pessoais que recolher do utilizador atrav\u00e9s do site, n\u00e3o tendo qualquer tipo de responsabilidade em rela\u00e7\u00e3o aos tratamentos e utiliza\u00e7\u00f5es posteriores dos dados pessoais que possam ser realizados por terceiros prestadores de servi\u00e7os da sociedade da informa\u00e7\u00e3o que atuem fora do site.<\/p>\n<h2>\u00c9 OBRIGADO A FACILITAR OS SEUS DADOS PESSOAIS?<\/h2>\n<p>Se n\u00e3o desejar que <strong>Sistema de Comunica\u00e7\u00e3o Integrado VINSA S.L.<\/strong> submeta os seus dados pessoais a tratamento, pedimos que se abstenha de remeter correios eletr\u00f3nicos ou de preencher os formul\u00e1rios existentes no site. Em qualquer caso, <strong>Sistema de Comunica\u00e7\u00e3o Integrado VINSA S.L.<\/strong> informar\u00e1 expressamente e de forma leg\u00edvel sobre as condi\u00e7\u00f5es em que s\u00e3o recolhidos os dados pessoais e as finalidades para as quais v\u00e3o ser utilizados, sobre a obriga\u00e7\u00e3o de os fornecer ou n\u00e3o, sobre os direitos que assistem ao utilizador, sobre as condi\u00e7\u00f5es em que podem ser exercidos e sobre qualquer outra informa\u00e7\u00e3o complementar que se revele necess\u00e1ria.<\/p>\n<h2>PARA QUE UTILIZAMOS OS SEUS DADOS PESSOAIS?<\/h2>\n<p><strong>Sistema de Comunica\u00e7\u00e3o Integrado VINSA S.L.<\/strong> informa os seus utilizadores que a recolha de dados pessoais poder\u00e1 ser realizada, principalmente, atrav\u00e9s do envio de um correio eletr\u00f3nico para a dire\u00e7\u00e3o eletr\u00f3nica <a title=\"CONTACTO\" href=\"https:\/\/www.sistemasici.es\/pt-pt\/contacto\/\">contacto@sistemasici.es<\/a>, sempre que inclua no mesmo algum dado pessoal, bem como pelos formul\u00e1rios que <strong>Sistema de Comunica\u00e7\u00e3o Integrado VINSA S.L.<\/strong> inclui no site e nos quais identifica <strong>Sistema de Comunica\u00e7\u00e3o Integrado VINSA S.L.<\/strong> como respons\u00e1vel pelos dados recolhidos atrav\u00e9s dos mesmos.<\/p>\n<p>Os dados pessoais que fornecer para a presta\u00e7\u00e3o dos distintos servi\u00e7os dispon\u00edveis atrav\u00e9s do site ser\u00e3o tratados por <strong>Sistema de Comunica\u00e7\u00e3o Integrado VINSA S.L.<\/strong> conforme as seguintes finalidades:<\/p>\n<p>\u2022 No caso das subscri\u00e7\u00f5es ao site, a finalidade \u00e9 gerir a subscri\u00e7\u00e3o para mant\u00ea-lo informado sobre as novas publica\u00e7\u00f5es<br \/>\n\u2022 No caso dos coment\u00e1rios que realize \u00e0s publica\u00e7\u00f5es feitas no site, a finalidade do tratamento \u00e9 mostrar o seu coment\u00e1rio na entrada correspondente e identific\u00e1-lo para lhe fornecer as respostas que possam decorrer do seu coment\u00e1rio<br \/>\n\u2022 No caso dos utilizadores registados nos blogs corporativos, a finalidade do tratamento \u00e9 a identifica\u00e7\u00e3o da autoria do artigo publicado<br \/>\n\u2022 Informamos que determinadas funcionalidades do site dependem da utiliza\u00e7\u00e3o de cookies, pelo que, caso n\u00e3o tenha negado a possibilidade da sua utiliza\u00e7\u00e3o, proceder-se-\u00e1 ao tratamento de determinada informa\u00e7\u00e3o relacionada com a sua utiliza\u00e7\u00e3o do site. Pode consultar as condi\u00e7\u00f5es da sua utiliza\u00e7\u00e3o na pol\u00edtica de cookies.<\/p>\n<h2>QUAL \u00c9 A LEGITIMA\u00c7\u00c3O DO TRATAMENTO DOS SEUS DADOS?<\/h2>\n<p>O tratamento dos seus dados pessoais por parte de <strong>Sistema de Comunica\u00e7\u00e3o Integrado VINSA S.L.<\/strong> est\u00e1 baseado na solicita\u00e7\u00e3o da sua parte dos servi\u00e7os disponibilizados atrav\u00e9s do site ou, se for o caso, no consentimento que lhe \u00e9 solicitado para as finalidades anteriormente determinadas e que poder\u00e1 retirar a qualquer momento. Contudo, em caso de revogar o consentimento, esta circunst\u00e2ncia n\u00e3o afeta a licitude dos tratamentos realizados anteriormente.<\/p>\n<h2>QUE CATEGORIAS DE DADOS S\u00c3O TRATADOS?<\/h2>\n<p>Os dados pessoais necess\u00e1rios para a presta\u00e7\u00e3o dos diferentes servi\u00e7os dispon\u00edveis no site ser\u00e3o os indicados no correspondente formul\u00e1rio habilitado para tal efeito.<\/p>\n<h2>DURANTE QUANTO TEMPO TRATAR\u00c1 O SISTEMA DE COMUNICA\u00c7\u00c3O INTEGRADO VINSA S.L. OS DADOS PESSOAIS?<\/h2>\n<p>Os seus dados ser\u00e3o conservados enquanto forem necess\u00e1rios para a finalidade para a qual foram recolhidos e durante os prazos legalmente exigidos para as poss\u00edveis responsabilidades derivadas.<br \/>\nNo site, os utilizadores registados manter-se-\u00e3o at\u00e9 ao pedido de cancelamento da conta criada.<\/p>\n<h2>A QUEM SER\u00c3O COMUNICADOS OS DADOS DO UTILIZADOR?<\/h2>\n<p>Os dados que nos forneceu n\u00e3o ser\u00e3o comunicados a terceiros, salvo se lhe for comunicado e o aceite expressamente. Ser\u00e1 devidamente informado dessa comunica\u00e7\u00e3o antes da sua realiza\u00e7\u00e3o.<\/p>\n<h2>QUE RESPONSABILIDADE TEM O UTILIZADOR?<\/h2>\n<p>Voc\u00ea ser\u00e1 respons\u00e1vel por que os dados que fornecer a <strong>Sistema de Comunica\u00e7\u00e3o Integrado VINSA S.L.<\/strong> sejam verdadeiros, exatos, completos e atualizados. Para tal, voc\u00ea responder\u00e1 pela veracidade de todos os dados que comunicar e dever\u00e1 manter devidamente atualizada a informa\u00e7\u00e3o fornecida, de forma que corresponda \u00e0 sua situa\u00e7\u00e3o real.<br \/>\nIgualmente, ser\u00e1 respons\u00e1vel pelas informa\u00e7\u00f5es falsas ou inexatas que fornecer atrav\u00e9s do site e pelos dados e preju\u00edzos, diretos ou indiretos, que isso causar a <strong>Sistema de Comunica\u00e7\u00e3o Integrado VINSA S.L.<\/strong> ou a terceiros.<\/p>\n<p>Se o utilizador for menor de 16 anos, <strong>Sistema de Comunica\u00e7\u00e3o Integrado VINSA S.L.<\/strong> alerta para a necessidade de contar com o consentimento dos seus pais, tutores ou representantes legais para a comunica\u00e7\u00e3o dos seus dados pessoais, pelo que <strong>Sistema de Comunica\u00e7\u00e3o Integrado VINSA S.L.<\/strong> solicita que se abstenha de utilizar o servi\u00e7o de correio eletr\u00f3nico e\/ou de preencher formul\u00e1rios se n\u00e3o contar com o consentimento dos pais, tutores ou representantes legais, n\u00e3o sendo, de outro modo, <strong>Sistema de Comunica\u00e7\u00e3o Integrado VINSA S.L.<\/strong> respons\u00e1vel pelas atua\u00e7\u00f5es do menor.<\/p>\n<h2>QUAIS S\u00c3O OS DIREITOS DO UTILIZADOR?<\/h2>\n<p>O exerc\u00edcio dos direitos por parte do utilizador \u00e9 gratuito e pode ser realizado a qualquer momento, devendo dirigir uma comunica\u00e7\u00e3o escrita, juntamente com a fotoc\u00f3pia do Documento de Identidade ou outro meio v\u00e1lido que comprove a identidade do utilizador, \u00e0 seguinte morada: <strong>Ronda Narciso Monturiol y Estarriol. Edif\u00edcio Tecnoparq 7-9. 1-15 Parque Tecnol\u00f3gico de Paterna, 46980 Paterna, Val\u00eancia,<\/strong> ou atrav\u00e9s do correio eletr\u00f3nico <a title=\"CONTACTO\" href=\"https:\/\/www.sistemasici.es\/pt-pt\/contacto\/\">contacto@sistemasici.es<\/a><\/p>\n<p><strong>Os direitos que pode exercer s\u00e3o:<\/strong><\/p>\n<p>\u2022 Revogar os consentimentos concedidos<br \/>\n\u2022 Aceder aos seus dados pessoais<br \/>\n\u2022 Retificar os dados imprecisos ou incompletos<br \/>\n\u2022 Solicitar a elimina\u00e7\u00e3o dos seus dados quando, entre outros motivos, os dados j\u00e1 n\u00e3o forem necess\u00e1rios para os fins para os quais foram recolhidos<br \/>\n\u2022 Obter de <strong>Sistema de Comunica\u00e7\u00e3o Integrado VINSA S.L.<\/strong> a limita\u00e7\u00e3o do tratamento quando se verificar alguma das condi\u00e7\u00f5es previstas na normativa de prote\u00e7\u00e3o de dados<br \/>\n\u2022 Solicitar a portabilidade dos seus dados  <\/p>\n<p>Al\u00e9m disso, tem o direito de reclamar junto da Ag\u00eancia Espanhola de Prote\u00e7\u00e3o de Dados (<a href=\"https:\/\/www.aepd.es\/es\" target=\"_blank\" rel=\"noopener\">www.aepd.es<\/a>) quando considerar que <strong>Sistema de Comunica\u00e7\u00e3o Integrado VINSA S.L.<\/strong> violou os direitos que lhe s\u00e3o reconhecidos pela legisla\u00e7\u00e3o aplic\u00e1vel em mat\u00e9ria de prote\u00e7\u00e3o de dados.<\/p>\n<p><strong>Sistema de Comunica\u00e7\u00e3o Integrado VINSA S.L.<\/strong> informa os utilizadores que o exerc\u00edcio destes direitos \u00e9 pessoal\u00edssimo, pelo que apenas o pr\u00f3prio utilizador poder\u00e1 exercer tais direitos relativamente aos dados pessoais de que \u00e9 titular leg\u00edtimo. No entanto, nos casos em que excecionalmente seja admitido, o representante autorizado do utilizador poder\u00e1 exercer os direitos que assistem a este nos termos expostos, desde que acompanhe a comunica\u00e7\u00e3o mencionada com o documento comprovativo de tal representa\u00e7\u00e3o.<\/p>\n<p><strong>Sistema de Comunica\u00e7\u00e3o Integrado VINSA S.L.<\/strong> informa que o exerc\u00edcio dos referidos direitos por um terceiro n\u00e3o autorizado legalmente pelo utilizador poder\u00e1 constituir o crime de descoberta e revela\u00e7\u00e3o de segredos previsto no segundo par\u00e1grafo do artigo 197 do C\u00f3digo Penal, punido com penas de pris\u00e3o de um a quatro anos e multa de doze a vinte e quatro meses; sem preju\u00edzo de outras consequ\u00eancias que possa enfrentar em consequ\u00eancia de quaisquer a\u00e7\u00f5es civis ou administrativas a que teriam direito tanto o utilizador leg\u00edtimo titular dos dados pessoais, como <strong>Sistema de Comunica\u00e7\u00e3o Integrado VINSA S.L.<\/strong>.<\/p>\n<h2>\u00c9 SEGURO FACILITAR DADOS PESSOAIS?<\/h2>\n<p><strong>Sistema de Comunica\u00e7\u00e3o Integrado VINSA S.L.<\/strong> tratar\u00e1 os dados pessoais em todo o momento de forma absolutamente confidencial e mantendo o dever de segredo em rela\u00e7\u00e3o aos mesmos, de acordo com o previsto na legisla\u00e7\u00e3o aplic\u00e1vel, adotando para o efeito as medidas t\u00e9cnicas e organizativas necess\u00e1rias que garantam a seguran\u00e7a dos seus dados e evitem a sua altera\u00e7\u00e3o, perda, tratamento ou acesso n\u00e3o autorizado, tendo em conta o estado da tecnologia, a natureza dos dados armazenados e os riscos a que est\u00e3o expostos.<\/p>\n<h2>PODE MUDAR A POL\u00cdTICA DE PRIVACIDADE?<\/h2>\n<p><strong>Sistema de Comunica\u00e7\u00e3o Integrado VINSA S.L.<\/strong> reserva-se o direito de modificar a presente Pol\u00edtica de Privacidade a fim de a adaptar \u00e0s novidades legislativas que forem pertinentes. Nestes casos, e se for obrigat\u00f3rio, ser\u00e3o anunciadas no website as altera\u00e7\u00f5es introduzidas com uma anteced\u00eancia razo\u00e1vel \u00e0 sua entrada em vigor.<\/p>\n<h2>E O QUE S\u00c3O COOKIES?<\/h2>\n<p>Os cookies s\u00e3o um conjunto de caracteres que s\u00e3o armazenados no disco r\u00edgido ou na mem\u00f3ria tempor\u00e1ria do computador do utilizador quando este acede \u00e0s p\u00e1ginas de um site, neste caso \u00e0s correspondentes a <strong>www.sistemasici.es<\/strong>, com o objetivo de agilizar o acesso aos servi\u00e7os e conte\u00fados oferecidos, a cada utilizador e \u00e0s suas prefer\u00eancias de acesso, navega\u00e7\u00e3o e\/ou visualiza\u00e7\u00e3o do site.<\/p>\n<p>Os cookies ser\u00e3o associados apenas a um utilizador an\u00f3nimo e ao seu computador, n\u00e3o fornecendo o nome e apelido do mesmo, exceto se o utilizador tiver personalizado o seu navegador ou criado uma conta de utilizador para aceder e\/ou executar diferentes a\u00e7\u00f5es no sistema operativo que o utilizador tenha instalado no computador que utiliza para navegar na Internet, com informa\u00e7\u00f5es que permitam identificar o utilizador ou torn\u00e1-lo identific\u00e1vel.<\/p>\n<p>No entanto, caso os cookies armazenados no computador do utilizador possam identificar o mesmo pelas raz\u00f5es anteriormente expostas, o utilizador \u00e9 advertido que <strong>Sistema de Comunica\u00e7\u00e3o Integrado VINSA S.L.<\/strong> n\u00e3o tem inten\u00e7\u00e3o de proceder \u00e0 recolha e tratamento dos dados pessoais do utilizador contidos nos referidos cookies, pelo que <strong>Sistema de Comunica\u00e7\u00e3o Integrado VINSA S.L.<\/strong> n\u00e3o ser\u00e1 respons\u00e1vel por esses dados nos termos do disposto pelo RGPD.<\/p>\n<p>Embora a maioria dos navegadores aceite cookies automaticamente, se o utilizador n\u00e3o desejar que seja instalada uma cookie no seu disco r\u00edgido, tem a possibilidade de configurar o seu navegador para ser avisado no seu ecr\u00e3 sobre a rece\u00e7\u00e3o de cookies e para impedir a instala\u00e7\u00e3o das mesmas no seu disco r\u00edgido. Para tal, dever\u00e1 consultar as instru\u00e7\u00f5es e manuais do seu navegador.<\/p>\n<p>Pode obter mais informa\u00e7\u00f5es sobre cookies na pol\u00edtica de cookies.<\/p>\n<h2>RECOMENDA\u00c7\u00d5ES AOS UTILIZADORES<\/h2>\n<p><strong>Sistema de Comunica\u00e7\u00e3o Integrado VINSA S.L.<\/strong> recomenda aos utilizadores que utilizem as \u00faltimas vers\u00f5es dos programas inform\u00e1ticos, dada a incorpora\u00e7\u00e3o nestes de maiores medidas de seguran\u00e7a.<br \/>\nIgualmente, <strong>Sistema de Comunica\u00e7\u00e3o Integrado VINSA S.L.<\/strong> recomenda aos utilizadores que utilizem os mecanismos de seguran\u00e7a que t\u00eam ao seu alcance (servidores Web seguros, criptografia, assinatura digital, firewall, etc.) para proteger a confidencialidade e integridade dos seus dados na medida em que isso seja necess\u00e1rio, uma vez que existem riscos de usurpa\u00e7\u00e3o de identidade ou viola\u00e7\u00e3o da comunica\u00e7\u00e3o.<\/p>\n<p><strong>Sistema de Comunica\u00e7\u00e3o Integrado VINSA S.L.<\/strong> recorda aos utilizadores que a Internet nem sempre \u00e9 t\u00e3o segura quanto desejar\u00edamos, pelo que devem adotar as medidas t\u00e9cnicas necess\u00e1rias e adequadas com o fim de evitar o tratamento n\u00e3o autorizado dos seus dados.<\/p>\n<p><strong>Sistema de Comunica\u00e7\u00e3o Integrado VINSA S.L.<\/strong> adverte os utilizadores que, sempre que fornecerem informa\u00e7\u00e3o pessoal pela Internet atrav\u00e9s de correio eletr\u00f3nico, grupos de not\u00edcias, f\u00f3runs de discuss\u00e3o, etc., devem ter presente que essa informa\u00e7\u00e3o pode ser recolhida e tratada para fins n\u00e3o desejados pelos utilizadores, pelo que <strong>Sistema de Comunica\u00e7\u00e3o Integrado VINSA S.L.<\/strong> aconselha os utilizadores a informarem-se sobre as pol\u00edticas de confidencialidade e privacidade dos sites online que visitam.<\/p>\n<p><strong>Sistema de Comunica\u00e7\u00e3o Integrado VINSA S.L.<\/strong> adverte os utilizadores que devem ter em mente que, salvo se utilizarem mecanismos de cifragem, o correio eletr\u00f3nico na Internet n\u00e3o \u00e9 seguro. As mensagens de correio e os f\u00f3runs de discuss\u00e3o podem ser objeto de falsifica\u00e7\u00e3o e usurpa\u00e7\u00e3o de identidade, o que deve ser considerado sempre que forem utilizados. Se n\u00e3o desejarem publicar o seu endere\u00e7o de correio eletr\u00f3nico, configurem o seu navegador para que n\u00e3o deixe o seu endere\u00e7o nos servidores web a que acedem.<\/p>\n<h2>USO DE DADOS PESSOAIS NOS CORREIOS ELETR\u00d3NICOS QUE MANT\u00caM COM O SISTEMA DE COMUNICA\u00c7\u00c3O INTEGRADO VINSA S.L.<\/h2>\n<p>Nos termos do Regulamento (UE) 2016\/679 de Prote\u00e7\u00e3o de Dados Pessoais, informamos que <strong>Sistema de Comunica\u00e7\u00e3o Integrado VINSA S.L.<\/strong> \u00e9 o respons\u00e1vel e \u00fanico destinat\u00e1rio do tratamento dos dados pessoais relativos \u00e0 sua identifica\u00e7\u00e3o, localiza\u00e7\u00e3o, identifica\u00e7\u00e3o da entidade \u00e0 qual pertence e cargo que ocupa em nome e como contacto com a entidade que representa, utilizados para contact\u00e1-lo atrav\u00e9s do correio eletr\u00f3nico. Estes dados s\u00e3o tratados com o fim de levar a cabo todas as gest\u00f5es relacionadas com a aten\u00e7\u00e3o ao seu pedido, elabora\u00e7\u00e3o de or\u00e7amentos, contrata\u00e7\u00e3o e presta\u00e7\u00e3o de servi\u00e7os a si ou \u00e0 entidade que representa, bem como o manuten\u00e7\u00e3o de hist\u00f3ricos de rela\u00e7\u00f5es comerciais. Existe um interesse leg\u00edtimo que permite o tratamento dos dados para estes fins, podendo exercer os seus direitos referidos nesta pol\u00edtica de privacidade no endere\u00e7o de <strong>Sistema de Comunica\u00e7\u00e3o Integrado VINSA S.L.<\/strong> como respons\u00e1vel pelo tratamento. Assim, pedimos que, com o fim de manter os dados atualizados, comunique ao endere\u00e7o indicado qualquer varia\u00e7\u00e3o dos mesmos, bem como a cessa\u00e7\u00e3o da sua atividade na entidade, para proceder \u00e0 elimina\u00e7\u00e3o e\/ou tratamento hist\u00f3rico dos mesmos.<\/p>\n<\/div><\/div><style type=\"text\/css\">.fusion-body .fusion-builder-column-1{width:66.666666666667% !important;margin-top : 0px;margin-bottom : 20px;}.fusion-builder-column-1 > .fusion-column-wrapper {padding-top : 0px !important;padding-right : 0px !important;margin-right : 2.88%;padding-bottom : 0px !important;padding-left : 0px !important;margin-left : 2.88%;}@media only screen and (max-width:1024px) {.fusion-body .fusion-builder-column-1{width:66.666666666667% !important;order : 0;}.fusion-builder-column-1 > .fusion-column-wrapper {margin-right : 2.88%;margin-left : 2.88%;}}@media only screen and (max-width:640px) {.fusion-body .fusion-builder-column-1{width:100% !important;order : 0;}.fusion-builder-column-1 > .fusion-column-wrapper {margin-right : 1.92%;margin-left : 1.92%;}}<\/style><\/div><div class=\"fusion-layout-column fusion_builder_column fusion-builder-column-2 fusion_builder_column_1_6 1_6 fusion-flex-column\"><div class=\"fusion-column-wrapper fusion-flex-justify-content-flex-start fusion-content-layout-column\" style=\"background-position:left top;background-repeat:no-repeat;-webkit-background-size:cover;-moz-background-size:cover;-o-background-size:cover;background-size:cover;padding: 0px 0px 0px 0px;\"><\/div><style type=\"text\/css\">.fusion-body .fusion-builder-column-2{width:16.666666666667% !important;margin-top : 0px;margin-bottom : 20px;}.fusion-builder-column-2 > .fusion-column-wrapper {padding-top : 0px !important;padding-right : 0px !important;margin-right : 11.52%;padding-bottom : 0px !important;padding-left : 0px !important;margin-left : 11.52%;}@media only screen and (max-width:1024px) {.fusion-body .fusion-builder-column-2{width:16.666666666667% !important;order : 0;}.fusion-builder-column-2 > .fusion-column-wrapper {margin-right : 11.52%;margin-left : 11.52%;}}@media only screen and (max-width:640px) {.fusion-body .fusion-builder-column-2{width:100% !important;order : 0;}.fusion-builder-column-2 > .fusion-column-wrapper {margin-right : 1.92%;margin-left : 1.92%;}}<\/style><\/div><\/div><style type=\"text\/css\">.fusion-body .fusion-flex-container.fusion-builder-row-1{ padding-top : 0px;margin-top : 0px;padding-right : 0px;padding-bottom : 0px;margin-bottom : 0px;padding-left : 0px;}<\/style><\/div>\n","protected":false},"excerpt":{"rendered":"","protected":false},"author":1,"featured_media":0,"parent":0,"menu_order":0,"comment_status":"closed","ping_status":"closed","template":"100-width.php","meta":{"footnotes":""},"class_list":["post-2735","page","type-page","status-publish","hentry"],"_links":{"self":[{"href":"https:\/\/www.sistemasici.es\/pt-pt\/wp-json\/wp\/v2\/pages\/2735","targetHints":{"allow":["GET"]}}],"collection":[{"href":"https:\/\/www.sistemasici.es\/pt-pt\/wp-json\/wp\/v2\/pages"}],"about":[{"href":"https:\/\/www.sistemasici.es\/pt-pt\/wp-json\/wp\/v2\/types\/page"}],"author":[{"embeddable":true,"href":"https:\/\/www.sistemasici.es\/pt-pt\/wp-json\/wp\/v2\/users\/1"}],"replies":[{"embeddable":true,"href":"https:\/\/www.sistemasici.es\/pt-pt\/wp-json\/wp\/v2\/comments?post=2735"}],"version-history":[{"count":2,"href":"https:\/\/www.sistemasici.es\/pt-pt\/wp-json\/wp\/v2\/pages\/2735\/revisions"}],"predecessor-version":[{"id":2737,"href":"https:\/\/www.sistemasici.es\/pt-pt\/wp-json\/wp\/v2\/pages\/2735\/revisions\/2737"}],"wp:attachment":[{"href":"https:\/\/www.sistemasici.es\/pt-pt\/wp-json\/wp\/v2\/media?parent=2735"}],"curies":[{"name":"wp","href":"https:\/\/api.w.org\/{rel}","templated":true}]}}